{"id":826,"date":"2023-06-28T10:20:00","date_gmt":"2023-06-28T07:20:00","guid":{"rendered":"https:\/\/vr4all.eu\/tools\/"},"modified":"2025-11-13T09:26:14","modified_gmt":"2025-11-13T07:26:14","slug":"tools","status":"publish","type":"page","link":"https:\/\/vr4all.eu\/cs\/tools\/","title":{"rendered":"Tools"},"content":{"rendered":"<!--themify_builder_content-->\n<div id=\"themify_builder_content-826\" data-postid=\"826\" class=\"themify_builder_content themify_builder_content-826 themify_builder tf_clear\">\n    \t\t\t<!-- module_row -->\n\t<div  data-css_id=\"fx67594\" data-lazy=\"1\" class=\"module_row themify_builder_row fullwidth tb_fx67594 tb_first tf_w tf_clearfix\">\n\t    \t\t\t<div class=\"row_inner col_align_top tb_col_count_2 tf_box tf_rel\">\n\t\t            <div  data-lazy=\"1\" class=\"module_column tb-column col3-1 tb_9ipl594 first\">\n                                                        <div class=\"tb-column-inner tf_box tf_w\">\n                        <!-- module image -->\n<div  class=\"module module-image tb_zw3k141 circle  image-top tf_mw\" data-lazy=\"1\">\n        <div class=\"image-wrap tf_rel tf_mw\">\n\t\t    <img loading=\"lazy\" decoding=\"async\" width=\"2560\" height=\"1819\" src=\"https:\/\/vr4all.eu\/wp-content\/uploads\/2025\/10\/smiling-woman-with-vr-headset-having-fun-in-the-li-2025-03-09-08-58-39-utc-scaled.jpg\" class=\"wp-post-image wp-image-1158\" title=\"smiling-woman-with-vr-headset-having-fun-in-the-li-2025-03-09-08-58-39-utc\" alt=\"smiling-woman-with-vr-headset-having-fun-in-the-li-2025-03-09-08-58-39-utc\" srcset=\"https:\/\/vr4all.eu\/wp-content\/uploads\/2025\/10\/smiling-woman-with-vr-headset-having-fun-in-the-li-2025-03-09-08-58-39-utc-scaled.jpg 2560w, https:\/\/vr4all.eu\/wp-content\/uploads\/2025\/10\/smiling-woman-with-vr-headset-having-fun-in-the-li-2025-03-09-08-58-39-utc-300x213.jpg 300w, https:\/\/vr4all.eu\/wp-content\/uploads\/2025\/10\/smiling-woman-with-vr-headset-having-fun-in-the-li-2025-03-09-08-58-39-utc-1024x728.jpg 1024w, https:\/\/vr4all.eu\/wp-content\/uploads\/2025\/10\/smiling-woman-with-vr-headset-having-fun-in-the-li-2025-03-09-08-58-39-utc-768x546.jpg 768w, https:\/\/vr4all.eu\/wp-content\/uploads\/2025\/10\/smiling-woman-with-vr-headset-having-fun-in-the-li-2025-03-09-08-58-39-utc-1536x1092.jpg 1536w, https:\/\/vr4all.eu\/wp-content\/uploads\/2025\/10\/smiling-woman-with-vr-headset-having-fun-in-the-li-2025-03-09-08-58-39-utc-2048x1456.jpg 2048w\" sizes=\"auto, (max-width: 2560px) 100vw, 2560px\" \/>\t\n\t\t<\/div>\n\t<!-- \/image-wrap -->\n    \n    \t<\/div>\n<!-- \/module image -->                    <\/div><!-- .tb-column-inner -->\n                            <\/div><!-- .module_column -->\n                        <div  data-lazy=\"1\" class=\"module_column tb-column col3-2 tb_0fsg968 last\">\n                                                        <div class=\"tb-column-inner tf_box tf_w\">\n                        <!-- module text -->\n<div  class=\"module module-text tb_4a6c972  repeat \" data-lazy=\"1\">\n        <div  class=\"tb_text_wrap\">\n    <h1 style=\"text-align: center;\">VR prost\u0159ed\u00ed simuluj\u00edc\u00ed zdravotn\u00ed posti\u017een\u00ed<\/h1>\n<h2><font color=\"#000000\"><span style=\"font-size: 29.9px;\">P\u011bt prost\u0159ed\u00ed virtu\u00e1ln\u00ed reality, kter\u00e1 p\u0159ipom\u00ednaj\u00ed b\u011b\u017en\u00e1 m\u00edsta, kde se m\u016f\u017eete pohybovat jako osoba s r\u016fzn\u00fdm typem motorick\u00e9ho nebo zrakov\u00e9ho posti\u017een\u00ed.<\/span><\/font><br><br><font color=\"#000000\"><span style=\"font-size: 29.9px;\">Jejich c\u00edlem je zv\u00fd\u0161it empatii produktov\u00fdch design\u00e9r\u016f v\u016f\u010di lidem se zdravotn\u00edm posti\u017een\u00edm.<\/span><\/font><\/h2>    <\/div>\n<\/div>\n<!-- \/module text --><!-- module buttons -->\n<div  class=\"module module-buttons tb_v5pj429 buttons-horizontal solid \" data-lazy=\"1\">\n    \t<div class=\"module-buttons-item tf_inline_b\">\n\t\t\t\t\t\t\t<a href=\"https:\/\/vr4all.eu\/cs\/the-vr4all-app\/\" class=\"ui builder_button green\" >\n\t\t\t\t\t\t\t\t\t\t\t<span class=\"tf_inline_b tf_vmiddle\">V\u00cdCE INFORMAC\u00cd<\/span>\n\t\t\t\t\t\t\t\t\t\t\t<\/a>\n\t\t\t    \t<\/div>\n    <\/div>\n<!-- \/module buttons -->\n                    <\/div><!-- .tb-column-inner -->\n                            <\/div><!-- .module_column -->\n            \t    <\/div><!-- .row_inner -->\n\t<\/div><!-- .module_row -->\n\t\t\t\t<!-- module_row -->\n\t<div  data-css_id=\"s882474\" data-lazy=\"1\" class=\"module_row themify_builder_row fullwidth tb_s882474 tf_w tf_clearfix\">\n\t    \t\t\t<div class=\"row_inner col_align_top tb_col_count_2 tf_box tf_rel\">\n\t\t            <div  data-lazy=\"1\" class=\"module_column tb-column col3-1 tb_vwi9474 first\">\n                                                        <div class=\"tb-column-inner tf_box tf_w\">\n                        <!-- module image -->\n<div  class=\"module module-image tb_d31p651 circle  image-top tf_mw\" data-lazy=\"1\">\n        <div class=\"image-wrap tf_rel tf_mw\">\n\t\t    <img loading=\"lazy\" decoding=\"async\" width=\"1152\" height=\"768\" src=\"https:\/\/vr4all.eu\/wp-content\/uploads\/2025\/06\/vr1.jpg\" class=\"wp-post-image wp-image-1120\" title=\"Girl Describing VR Game\" alt=\"Girl Describing VR Game\" srcset=\"https:\/\/vr4all.eu\/wp-content\/uploads\/2025\/06\/vr1.jpg 1152w, https:\/\/vr4all.eu\/wp-content\/uploads\/2025\/06\/vr1-300x200.jpg 300w, https:\/\/vr4all.eu\/wp-content\/uploads\/2025\/06\/vr1-1024x683.jpg 1024w, https:\/\/vr4all.eu\/wp-content\/uploads\/2025\/06\/vr1-768x512.jpg 768w\" sizes=\"auto, (max-width: 1152px) 100vw, 1152px\" \/>\t\n\t\t<\/div>\n\t<!-- \/image-wrap -->\n    \n    \t<\/div>\n<!-- \/module image -->                    <\/div><!-- .tb-column-inner -->\n                            <\/div><!-- .module_column -->\n                        <div  data-lazy=\"1\" class=\"module_column tb-column col3-2 tb_xf8a474 last\">\n                                                        <div class=\"tb-column-inner tf_box tf_w\">\n                        <!-- module text -->\n<div  class=\"module module-text tb_onry475  repeat \" data-lazy=\"1\">\n        <div  class=\"tb_text_wrap\">\n    <h1>Pr\u016fvodce pro lektory<\/h1>\n<h2 style=\"text-align: left; padding-left: 40px;\"><span style=\"color: #000000;\"><span style=\"font-size: 29.9px;\">Pr\u016fvodce ur\u010den\u00fd lektor\u016fm produktov\u00e9ho designu, kter\u00fd popisuje, jak za\u010dlenit VR prost\u0159ed\u00ed projektu do v\u00fduky.\u00a0<\/span><\/span><\/h2>    <\/div>\n<\/div>\n<!-- \/module text --><!-- module buttons -->\n<div  class=\"module module-buttons tb_h4ub367 buttons-horizontal solid \" data-lazy=\"1\">\n    \t<div class=\"module-buttons-item tf_inline_b\">\n\t\t\t\t\t\t\t<a href=\"https:\/\/vr4all.eu\/wp-content\/uploads\/2025\/11\/Training-Guide-CZ-1.pdf\" class=\"ui builder_button green\" target=\"_blank\" rel=\"noopener\">\n\t\t\t\t\t\t\t\t\t\t\t<span class=\"tf_inline_b tf_vmiddle\">ST\u00c1HNOUT<\/span>\n\t\t\t\t\t\t\t\t\t\t\t<\/a>\n\t\t\t    \t<\/div>\n    <\/div>\n<!-- \/module buttons -->\n                    <\/div><!-- .tb-column-inner -->\n                            <\/div><!-- .module_column -->\n            \t    <\/div><!-- .row_inner -->\n\t<\/div><!-- .module_row -->\n\t\t\t\t<!-- module_row -->\n\t<div  data-lazy=\"1\" class=\"module_row themify_builder_row tb_wk3718 tf_w tf_clearfix\">\n\t    \t\t\t<div class=\"row_inner col_align_top tb_col_count_2 tf_box tf_rel\">\n\t\t            <div  data-lazy=\"1\" class=\"module_column tb-column col4-2 tb_wq0h18 first\">\n                                                        <div class=\"tb-column-inner tf_box tf_w\">\n                        <!-- module text -->\n<div  class=\"module module-text tb_uq8k18   \" data-lazy=\"1\">\n        <div  class=\"tb_text_wrap\">\n    <p>\u010c\u00edslo projektu: 2022-1-PT01-KA220-HED-000090242<\/p>\n<p>Financov\u00e1no Evropskou uni\u00ed. N\u00e1zory vyj\u00e1d\u0159en\u00e9 jsou n\u00e1zory autora a neodr\u00e1\u017e\u00ed nutn\u011b ofici\u00e1ln\u00ed stanovisko Evropsk\u00e9 unie \u010di Evropsk\u00e9 v\u00fdkonn\u00e9 agentury pro vzd\u011bl\u00e1v\u00e1n\u00ed a kulturu (EACEA).&nbsp; Evropsk\u00e1 unie ani EACEA za vyj\u00e1d\u0159en\u00e9 n\u00e1zory nenese odpov\u011bdnost.<\/p>    <\/div>\n<\/div>\n<!-- \/module text -->                    <\/div><!-- .tb-column-inner -->\n                            <\/div><!-- .module_column -->\n                        <div  data-lazy=\"1\" class=\"module_column tb-column col4-2 tb_a8q218 last\">\n                                                        <div class=\"tb-column-inner tf_box tf_w\">\n                        <!-- module image -->\n<div  class=\"module module-image tb_oboa18   image-top tf_mw\" data-lazy=\"1\">\n        <div class=\"image-wrap tf_rel tf_mw\">\n\t\t    <img loading=\"lazy\" decoding=\"async\" width=\"3907\" height=\"919\" src=\"https:\/\/vr4all.eu\/wp-content\/uploads\/2023\/07\/CS_Co-fundedbytheEU_RGB_NEG.png\" class=\"wp-post-image wp-image-819\" title=\"CS_Co-fundedbytheEU_RGB_NEG\" alt=\"CS_Co-fundedbytheEU_RGB_NEG\" srcset=\"https:\/\/vr4all.eu\/wp-content\/uploads\/2023\/07\/CS_Co-fundedbytheEU_RGB_NEG.png 3907w, https:\/\/vr4all.eu\/wp-content\/uploads\/2023\/07\/CS_Co-fundedbytheEU_RGB_NEG-300x71.png 300w, https:\/\/vr4all.eu\/wp-content\/uploads\/2023\/07\/CS_Co-fundedbytheEU_RGB_NEG-1024x241.png 1024w, https:\/\/vr4all.eu\/wp-content\/uploads\/2023\/07\/CS_Co-fundedbytheEU_RGB_NEG-768x181.png 768w, https:\/\/vr4all.eu\/wp-content\/uploads\/2023\/07\/CS_Co-fundedbytheEU_RGB_NEG-1536x361.png 1536w, https:\/\/vr4all.eu\/wp-content\/uploads\/2023\/07\/CS_Co-fundedbytheEU_RGB_NEG-2048x482.png 2048w\" sizes=\"auto, (max-width: 3907px) 100vw, 3907px\" \/>\t\n\t\t<\/div>\n\t<!-- \/image-wrap -->\n    \n    \t<\/div>\n<!-- \/module image -->                    <\/div><!-- .tb-column-inner -->\n                            <\/div><!-- .module_column -->\n            \t    <\/div><!-- .row_inner -->\n\t<\/div><!-- .module_row -->\n\t<\/div>\n<!--\/themify_builder_content-->\n\n\n<p><\/p>","protected":false},"excerpt":{"rendered":"","protected":false},"author":1,"featured_media":0,"parent":0,"menu_order":0,"comment_status":"closed","ping_status":"closed","template":"","meta":{"footnotes":""},"class_list":["post-826","page","type-page","status-publish","hentry","has-post-title","has-post-date","has-post-category","has-post-tag","has-post-comment","has-post-author",""],"builder_content":"<img src=\"https:\/\/vr4all.eu\/wp-content\/uploads\/2025\/10\/smiling-woman-with-vr-headset-having-fun-in-the-li-2025-03-09-08-58-39-utc-scaled.jpg\" title=\"smiling-woman-with-vr-headset-having-fun-in-the-li-2025-03-09-08-58-39-utc\" alt=\"smiling-woman-with-vr-headset-having-fun-in-the-li-2025-03-09-08-58-39-utc\" srcset=\"https:\/\/vr4all.eu\/wp-content\/uploads\/2025\/10\/smiling-woman-with-vr-headset-having-fun-in-the-li-2025-03-09-08-58-39-utc-scaled.jpg 2560w, https:\/\/vr4all.eu\/wp-content\/uploads\/2025\/10\/smiling-woman-with-vr-headset-having-fun-in-the-li-2025-03-09-08-58-39-utc-300x213.jpg 300w, https:\/\/vr4all.eu\/wp-content\/uploads\/2025\/10\/smiling-woman-with-vr-headset-having-fun-in-the-li-2025-03-09-08-58-39-utc-1024x728.jpg 1024w, https:\/\/vr4all.eu\/wp-content\/uploads\/2025\/10\/smiling-woman-with-vr-headset-having-fun-in-the-li-2025-03-09-08-58-39-utc-768x546.jpg 768w, https:\/\/vr4all.eu\/wp-content\/uploads\/2025\/10\/smiling-woman-with-vr-headset-having-fun-in-the-li-2025-03-09-08-58-39-utc-1536x1092.jpg 1536w, https:\/\/vr4all.eu\/wp-content\/uploads\/2025\/10\/smiling-woman-with-vr-headset-having-fun-in-the-li-2025-03-09-08-58-39-utc-2048x1456.jpg 2048w\" sizes=\"(max-width: 2560px) 100vw, 2560px\" \/>\n<h1 style=\"text-align: center;\">VR prost\u0159ed\u00ed simuluj\u00edc\u00ed zdravotn\u00ed posti\u017een\u00ed<\/h1> <h2><font color=\"#000000\">P\u011bt prost\u0159ed\u00ed virtu\u00e1ln\u00ed reality, kter\u00e1 p\u0159ipom\u00ednaj\u00ed b\u011b\u017en\u00e1 m\u00edsta, kde se m\u016f\u017eete pohybovat jako osoba s r\u016fzn\u00fdm typem motorick\u00e9ho nebo zrakov\u00e9ho posti\u017een\u00ed.<\/font><br><br><font color=\"#000000\">Jejich c\u00edlem je zv\u00fd\u0161it empatii produktov\u00fdch design\u00e9r\u016f v\u016f\u010di lidem se zdravotn\u00edm posti\u017een\u00edm.<\/font><\/h2>\n<a href=\"https:\/\/vr4all.eu\/cs\/the-vr4all-app\/\" > V\u00cdCE INFORMAC\u00cd <\/a>\n<img src=\"https:\/\/vr4all.eu\/wp-content\/uploads\/2025\/06\/vr1.jpg\" title=\"Girl Describing VR Game\" alt=\"Girl Describing VR Game\" srcset=\"https:\/\/vr4all.eu\/wp-content\/uploads\/2025\/06\/vr1.jpg 1152w, https:\/\/vr4all.eu\/wp-content\/uploads\/2025\/06\/vr1-300x200.jpg 300w, https:\/\/vr4all.eu\/wp-content\/uploads\/2025\/06\/vr1-1024x683.jpg 1024w, https:\/\/vr4all.eu\/wp-content\/uploads\/2025\/06\/vr1-768x512.jpg 768w\" sizes=\"(max-width: 1152px) 100vw, 1152px\" \/>\n<h1>Pr\u016fvodce pro lektory<\/h1> <h2 style=\"text-align: left; padding-left: 40px;\">Pr\u016fvodce ur\u010den\u00fd lektor\u016fm produktov\u00e9ho designu, kter\u00fd popisuje, jak za\u010dlenit VR prost\u0159ed\u00ed projektu do v\u00fduky.\u00a0<\/h2>\n<a href=\"https:\/\/vr4all.eu\/wp-content\/uploads\/2025\/11\/Training-Guide-CZ-1.pdf\" target=\"_blank\" rel=\"noopener\"> ST\u00c1HNOUT <\/a>\n<p>\u010c\u00edslo projektu: 2022-1-PT01-KA220-HED-000090242<\/p> <p>Financov\u00e1no Evropskou uni\u00ed. N\u00e1zory vyj\u00e1d\u0159en\u00e9 jsou n\u00e1zory autora a neodr\u00e1\u017e\u00ed nutn\u011b ofici\u00e1ln\u00ed stanovisko Evropsk\u00e9 unie \u010di Evropsk\u00e9 v\u00fdkonn\u00e9 agentury pro vzd\u011bl\u00e1v\u00e1n\u00ed a kulturu (EACEA).&nbsp; Evropsk\u00e1 unie ani EACEA za vyj\u00e1d\u0159en\u00e9 n\u00e1zory nenese odpov\u011bdnost.<\/p>\n<img src=\"https:\/\/vr4all.eu\/wp-content\/uploads\/2023\/07\/CS_Co-fundedbytheEU_RGB_NEG.png\" title=\"CS_Co-fundedbytheEU_RGB_NEG\" alt=\"CS_Co-fundedbytheEU_RGB_NEG\" srcset=\"https:\/\/vr4all.eu\/wp-content\/uploads\/2023\/07\/CS_Co-fundedbytheEU_RGB_NEG.png 3907w, https:\/\/vr4all.eu\/wp-content\/uploads\/2023\/07\/CS_Co-fundedbytheEU_RGB_NEG-300x71.png 300w, https:\/\/vr4all.eu\/wp-content\/uploads\/2023\/07\/CS_Co-fundedbytheEU_RGB_NEG-1024x241.png 1024w, https:\/\/vr4all.eu\/wp-content\/uploads\/2023\/07\/CS_Co-fundedbytheEU_RGB_NEG-768x181.png 768w, https:\/\/vr4all.eu\/wp-content\/uploads\/2023\/07\/CS_Co-fundedbytheEU_RGB_NEG-1536x361.png 1536w, https:\/\/vr4all.eu\/wp-content\/uploads\/2023\/07\/CS_Co-fundedbytheEU_RGB_NEG-2048x482.png 2048w\" sizes=\"(max-width: 3907px) 100vw, 3907px\" \/>","_links":{"self":[{"href":"https:\/\/vr4all.eu\/cs\/wp-json\/wp\/v2\/pages\/826","targetHints":{"allow":["GET"]}}],"collection":[{"href":"https:\/\/vr4all.eu\/cs\/wp-json\/wp\/v2\/pages"}],"about":[{"href":"https:\/\/vr4all.eu\/cs\/wp-json\/wp\/v2\/types\/page"}],"author":[{"embeddable":true,"href":"https:\/\/vr4all.eu\/cs\/wp-json\/wp\/v2\/users\/1"}],"replies":[{"embeddable":true,"href":"https:\/\/vr4all.eu\/cs\/wp-json\/wp\/v2\/comments?post=826"}],"version-history":[{"count":18,"href":"https:\/\/vr4all.eu\/cs\/wp-json\/wp\/v2\/pages\/826\/revisions"}],"predecessor-version":[{"id":1353,"href":"https:\/\/vr4all.eu\/cs\/wp-json\/wp\/v2\/pages\/826\/revisions\/1353"}],"wp:attachment":[{"href":"https:\/\/vr4all.eu\/cs\/wp-json\/wp\/v2\/media?parent=826"}],"curies":[{"name":"wp","href":"https:\/\/api.w.org\/{rel}","templated":true}]}}