{"id":746,"date":"2023-06-27T10:53:56","date_gmt":"2023-06-27T10:53:56","guid":{"rendered":"https:\/\/vr4all.eu\/about-the-project\/"},"modified":"2024-01-02T08:56:01","modified_gmt":"2024-01-02T08:56:01","slug":"about-the-project","status":"publish","type":"page","link":"https:\/\/vr4all.eu\/de\/about-the-project\/","title":{"rendered":"\u00dcber das Projekt"},"content":{"rendered":"<!--themify_builder_content-->\n<div id=\"themify_builder_content-746\" data-postid=\"746\" class=\"themify_builder_content themify_builder_content-746 themify_builder tf_clear\">\n    \t\t\t<!-- module_row -->\n\t<div  data-css_id=\"0s5m450\" data-lazy=\"1\" class=\"module_row themify_builder_row fullwidth tb_0s5m450 tb_first tf_w tf_clearfix\">\n\t    \t\t\t<div class=\"row_inner col_align_top tb_col_count_3 tf_box tf_rel\">\n\t\t            <div  data-lazy=\"1\" class=\"module_column tb-column col3-1 tb_e984179 first\">\n                                                        <div class=\"tb-column-inner tf_box tf_w\">\n                        <!-- module text -->\n<div  class=\"module module-text tb_n9fu450  repeat \" data-lazy=\"1\">\n        <div  class=\"tb_text_wrap\">\n    <h1 style=\"text-align: center;\">\u00dcber das VR4ALL Projekt<\/h1>    <\/div>\n<\/div>\n<!-- \/module text -->                    <\/div><!-- .tb-column-inner -->\n                            <\/div><!-- .module_column -->\n                        <div  data-lazy=\"1\" class=\"module_column tb-column col3-1 tb_d6xi179\">\n                                                <\/div><!-- .module_column -->\n                        <div  data-lazy=\"1\" class=\"module_column tb-column col3-1 tb_l8o0179 last\">\n                                                <\/div><!-- .module_column -->\n            \t    <\/div><!-- .row_inner -->\n\t<\/div><!-- .module_row -->\n\t\t\t\t<!-- module_row -->\n\t<div  data-css_id=\"ij81450\" data-lazy=\"1\" class=\"module_row themify_builder_row fullwidth tb_ij81450 tf_w tf_clearfix\">\n\t    \t\t\t<div class=\"row_inner col_align_middle tb_col_count_2 tf_box tf_rel\">\n\t\t            <div  data-lazy=\"1\" class=\"module_column tb-column tb_drgv450 first\">\n                                                        <div class=\"tb-column-inner tf_box tf_w\">\n                        <!-- module image -->\n<div  class=\"module module-image tb_8oup450 rounded  image-top tf_mw\" data-lazy=\"1\" data-lax-translate-y=\"(vh*1) 0,(vh*0) -70\" data-lax=\"true\">\n        <div class=\"image-wrap tf_rel tf_mw\">\n\t\t    <img loading=\"lazy\" decoding=\"async\" src=\"https:\/\/vr4all.eu\/wp-content\/uploads\/2023\/06\/Screenshot-2023-06-27-141201.png\" width=\"670\" height=\"456\" class=\"wp-post-image wp-image-535\" title=\"Screenshot 2023-06-27 141201\" alt=\"Screenshot 2023-06-27 141201\">\t\n\t\t<\/div>\n\t<!-- \/image-wrap -->\n    \n    \t<\/div>\n<!-- \/module image -->                    <\/div><!-- .tb-column-inner -->\n                            <\/div><!-- .module_column -->\n                        <div  data-lazy=\"1\" class=\"module_column tb-column tb_s1v9450 last\">\n                                                        <div class=\"tb-column-inner tf_box tf_w\">\n                        <!-- module text -->\n<div  class=\"module module-text tb_434n450  repeat \" data-lazy=\"1\">\n        <div  class=\"tb_text_wrap\">\n    <h1 style=\"border-bottom: 3px solid; width: 40%; margin-left: 0; border-color: #A5CDF4;\">F\u00dcR WEN IST ES GEDACHT?<\/h1>    <\/div>\n<\/div>\n<!-- \/module text --><!-- module text -->\n<div  class=\"module module-text tb_qwfm450   \" data-lazy=\"1\">\n        <div  class=\"tb_text_wrap\">\n    <h2><span class=\"WdYUQQ text-decoration-none text-strikethrough-none\">VR4ALL ist ein Werkzeug f\u00fcr alle im Bereich des Produktdesigns:<\/span><\/h2>    <\/div>\n<\/div>\n<!-- \/module text --><!-- module icon -->\n<div  class=\"module module-icon tb_s28l450  xlarge circle icon_vertical \" data-lazy=\"1\">\n        <div class=\"module-icon-item\">\n\t    \t\t\t\t\t\t    <em class=\"tf_box\" style=\"color:#000000\"><svg  class=\"tf_fa tf-fas-dot-circle\" aria-hidden=\"true\"><use href=\"#tf-fas-dot-circle\"><\/use><\/svg><\/em>\n\t\t\t\t\t\t    \t    \t    <span>Studenten<\/span>\n\t\t    \t\t\t\t        <\/div>\n\t        <div class=\"module-icon-item\">\n\t    \t\t\t\t\t\t    <em class=\"tf_box\" style=\"color:#000000\"><svg  class=\"tf_fa tf-fas-dot-circle\" aria-hidden=\"true\"><use href=\"#tf-fas-dot-circle\"><\/use><\/svg><\/em>\n\t\t\t\t\t\t    \t    \t    <span>Lehren \/ Professoren <\/span>\n\t\t    \t\t\t\t        <\/div>\n\t        <div class=\"module-icon-item\">\n\t    \t\t\t\t\t\t    <em class=\"tf_box\" style=\"color:#000000\"><svg  class=\"tf_fa tf-fas-dot-circle\" aria-hidden=\"true\"><use href=\"#tf-fas-dot-circle\"><\/use><\/svg><\/em>\n\t\t\t\t\t\t    \t    \t    <span>Professionals (Profis)<\/span>\n\t\t    \t\t\t\t        <\/div>\n\t<\/div>\n<!-- \/module icon -->\n                    <\/div><!-- .tb-column-inner -->\n                            <\/div><!-- .module_column -->\n            \t    <\/div><!-- .row_inner -->\n\t<\/div><!-- .module_row -->\n\t\t\t\t<!-- module_row -->\n\t<div  data-lazy=\"1\" class=\"module_row themify_builder_row tb_5skn450 tf_w tf_clearfix\">\n\t    \t\t\t<div class=\"row_inner col_align_top tb_col_count_1 tf_box tf_rel\">\n\t\t            <div  data-lazy=\"1\" class=\"module_column tb-column col-full tb_3cu5450 first\">\n                                                        <div class=\"tb-column-inner tf_box tf_w\">\n                        \t<div  data-lazy=\"1\" class=\"module_subrow themify_builder_sub_row tb_utwt450 tf_w tf_clearfix\">\n\t    \t\t\t<div class=\"subrow_inner col_align_top tb_col_count_1 tf_box tf_w\">\n\t\t            <div  data-lazy=\"1\" class=\"module_column sub_column col-full tb_60rg450 first\">\n                                                        <div class=\"tb-column-inner tf_box tf_w\">\n                        <!-- module text -->\n<div  class=\"module module-text tb_o5pu695  repeat \" data-lazy=\"1\">\n        <div  class=\"tb_text_wrap\">\n    <h1 style=\"text-align: left;\">Was sind unsere Ziele?<\/h1>    <\/div>\n<\/div>\n<!-- \/module text -->                    <\/div><!-- .tb-column-inner -->\n                            <\/div><!-- .module_column -->\n            \t    <\/div><!-- .subrow_inner -->\n\t<\/div><!-- .themify_builder_sub_row -->\n\t\t<div  data-lazy=\"1\" class=\"module_subrow themify_builder_sub_row tb_5wcw187 tf_w tf_clearfix\">\n\t    \t\t\t<div class=\"subrow_inner col_align_top tb_col_count_3 tf_box tf_w\">\n\t\t            <div  data-lazy=\"1\" class=\"module_column sub_column col3-1 tb_uh71187 first\">\n                                                        <div class=\"tb-column-inner tf_box tf_w\">\n                        <!-- module text -->\n<div  class=\"module module-text tb_jma4257  no-repeat \" data-lazy=\"1\">\n        <div  class=\"tb_text_wrap\">\n    <p><img decoding=\"async\" style=\"width: 65px; height: 65px;\" src=\"https:\/\/vr4all.eu\/wp-content\/uploads\/2023\/06\/Screenshot-2023-06-27-143128-1.png\" alt=\"\"><\/p>\n<h2>Die Einf\u00fchrung des Einsatzes von VR in den fr\u00fchen Phasen des inklusiven Produktdesigns.<\/h2>    <\/div>\n<\/div>\n<!-- \/module text -->                    <\/div><!-- .tb-column-inner -->\n                            <\/div><!-- .module_column -->\n                        <div  data-lazy=\"1\" class=\"module_column sub_column col3-1 tb_854p187\">\n                                                        <div class=\"tb-column-inner tf_box tf_w\">\n                        <!-- module text -->\n<div  class=\"module module-text tb_vwg7696  no-repeat \" data-lazy=\"1\">\n        <div  class=\"tb_text_wrap\">\n    <h2><img loading=\"lazy\" decoding=\"async\" class=\"\" style=\"width: 73px; height: 73px;\" src=\"https:\/\/vr4all.eu\/wp-content\/uploads\/2023\/06\/Screenshot-2023-06-27-1431282.png\" alt=\"\" width=\"73\" height=\"73\"><\/h2>\n<h2><span class=\"WdYUQQ text-decoration-none text-strikethrough-none\" style=\"color: #000000;\">Die Steigerung der Empathie von Produktgestaltern und Studierenden\u00a0<\/span><\/h2>    <\/div>\n<\/div>\n<!-- \/module text -->                    <\/div><!-- .tb-column-inner -->\n                            <\/div><!-- .module_column -->\n                        <div  data-lazy=\"1\" class=\"module_column sub_column col3-1 tb_dm6b187 last\">\n                                                        <div class=\"tb-column-inner tf_box tf_w\">\n                        <!-- module text -->\n<div  class=\"module module-text tb_seet649  no-repeat \" data-lazy=\"1\">\n        <div  class=\"tb_text_wrap\">\n    <p><img loading=\"lazy\" decoding=\"async\" class=\"tb_selected_img\" style=\"width: 79px; height: 79px;\" src=\"https:\/\/vr4all.eu\/wp-content\/uploads\/2023\/06\/Screenshot-2023-06-27-1431283.png\" alt=\"\" width=\"79\" height=\"79\"><\/p>\n<h2>Hochschullehrern innovative Unterrichtsmethoden zur Verf\u00fcgung stellen.<\/h2>    <\/div>\n<\/div>\n<!-- \/module text -->                    <\/div><!-- .tb-column-inner -->\n                            <\/div><!-- .module_column -->\n            \t    <\/div><!-- .subrow_inner -->\n\t<\/div><!-- .themify_builder_sub_row -->\n\t\t<div  data-lazy=\"1\" class=\"module_subrow themify_builder_sub_row tb_hula858 tf_w tf_clearfix\">\n\t    \t\t\t<div class=\"subrow_inner col_align_top tb_col_count_2 tf_box tf_w\">\n\t\t            <div  data-lazy=\"1\" class=\"module_column sub_column col4-2 tb_4e3n858 first\">\n                                                        <div class=\"tb-column-inner tf_box tf_w\">\n                        <!-- module text -->\n<div  class=\"module module-text tb_5sto139  no-repeat \" data-lazy=\"1\">\n        <div  class=\"tb_text_wrap\">\n    <p><img loading=\"lazy\" decoding=\"async\" class=\"\" style=\"width: 81px; height: 81px;\" src=\"https:\/\/vr4all.eu\/wp-content\/uploads\/2023\/06\/Screenshot-2023-06-27-143143-1.png\" alt=\"\" width=\"81\" height=\"81\"><\/p>\n<h2>Die Schaffung von produkten und R\u00e4umen f\u00f6rdern, die f\u00fcr Menschen mit Seh- und motorischen Beeintr\u00e4chtigungen freundlicher sind.<\/h2>    <\/div>\n<\/div>\n<!-- \/module text -->                    <\/div><!-- .tb-column-inner -->\n                            <\/div><!-- .module_column -->\n                        <div  data-lazy=\"1\" class=\"module_column sub_column col4-2 tb_jp33858 last\">\n                                                        <div class=\"tb-column-inner tf_box tf_w\">\n                        <!-- module text -->\n<div  class=\"module module-text tb_o6oi880  no-repeat \" data-lazy=\"1\">\n        <div  class=\"tb_text_wrap\">\n    <p><img loading=\"lazy\" decoding=\"async\" class=\"tb_selected_img\" style=\"width: 73px; height: 73px;\" src=\"https:\/\/vr4all.eu\/wp-content\/uploads\/2023\/06\/Screenshot-2023-06-27-1431431.png\" alt=\"\" width=\"73\" height=\"73\"><\/p>\n<h2><span class=\"WdYUQQ text-decoration-none text-strikethrough-none\">Das Bewusstsein der allgemeinen \u00d6ffentlichkeit f\u00fcr die Bed\u00fcrfnisse dieser Bev\u00f6lkerungsgruppe erh\u00f6hen.<\/span><\/h2>    <\/div>\n<\/div>\n<!-- \/module text -->                    <\/div><!-- .tb-column-inner -->\n                            <\/div><!-- .module_column -->\n            \t    <\/div><!-- .subrow_inner -->\n\t<\/div><!-- .themify_builder_sub_row -->\n\t                    <\/div><!-- .tb-column-inner -->\n                            <\/div><!-- .module_column -->\n            \t    <\/div><!-- .row_inner -->\n\t<\/div><!-- .module_row -->\n\t\t\t\t<!-- module_row -->\n\t<div  data-lazy=\"1\" class=\"module_row themify_builder_row tb_2wu3963 tf_w tf_clearfix\">\n\t    \t\t\t<div class=\"row_inner col_align_top tb_col_count_2 tf_box tf_rel\">\n\t\t            <div  data-lazy=\"1\" class=\"module_column tb-column col4-2 tb_r5bf963 first\">\n                                                        <div class=\"tb-column-inner tf_box tf_w\">\n                        <!-- module text -->\n<div  class=\"module module-text tb_0qsp963   \" data-lazy=\"1\">\n        <div  class=\"tb_text_wrap\">\n    <p>Projektnummer: 2022-1-PT01-KA220-HED-000090242<\/p>\n<p>Von der Europ\u00e4ischen Union finanziert. Die ge\u00e4u\u00dferten Ansichten und Meinungen entsprechen jedoch ausschlie\u00dflich denen des Autors bzw. der Autoren und spiegeln nicht zwingend die der Europ\u00e4ischen Union oder der Europ\u00e4ischen Exekutivagentur f\u00fcr Bildung und Kultur (EACEA) wider. Weder die Europ\u00e4ische Union noch die EACEA k\u00f6nnen daf\u00fcr verantwortlich gemacht werden.<\/p>    <\/div>\n<\/div>\n<!-- \/module text -->                    <\/div><!-- .tb-column-inner -->\n                            <\/div><!-- .module_column -->\n                        <div  data-lazy=\"1\" class=\"module_column tb-column col4-2 tb_ekli963 last\">\n                                                        <div class=\"tb-column-inner tf_box tf_w\">\n                        <!-- module image -->\n<div  class=\"module module-image tb_f3xn963   image-top tf_mw\" data-lazy=\"1\">\n        <div class=\"image-wrap tf_rel tf_mw\">\n\t\t    <img loading=\"lazy\" decoding=\"async\" width=\"4184\" height=\"919\" src=\"https:\/\/vr4all.eu\/wp-content\/uploads\/2024\/01\/DE_Co-fundedbytheEU_RGB_NEG.png\" class=\"wp-post-image wp-image-986\" title=\"DE_Co-fundedbytheEU_RGB_NEG\" alt=\"DE_Co-fundedbytheEU_RGB_NEG\" srcset=\"https:\/\/vr4all.eu\/wp-content\/uploads\/2024\/01\/DE_Co-fundedbytheEU_RGB_NEG.png 4184w, https:\/\/vr4all.eu\/wp-content\/uploads\/2024\/01\/DE_Co-fundedbytheEU_RGB_NEG-300x66.png 300w, https:\/\/vr4all.eu\/wp-content\/uploads\/2024\/01\/DE_Co-fundedbytheEU_RGB_NEG-1024x225.png 1024w, https:\/\/vr4all.eu\/wp-content\/uploads\/2024\/01\/DE_Co-fundedbytheEU_RGB_NEG-768x169.png 768w, https:\/\/vr4all.eu\/wp-content\/uploads\/2024\/01\/DE_Co-fundedbytheEU_RGB_NEG-1536x337.png 1536w, https:\/\/vr4all.eu\/wp-content\/uploads\/2024\/01\/DE_Co-fundedbytheEU_RGB_NEG-2048x450.png 2048w\" sizes=\"auto, (max-width: 4184px) 100vw, 4184px\" \/>\t\n\t\t<\/div>\n\t<!-- \/image-wrap -->\n    \n    \t<\/div>\n<!-- \/module image -->                    <\/div><!-- .tb-column-inner -->\n                            <\/div><!-- .module_column -->\n            \t    <\/div><!-- .row_inner -->\n\t<\/div><!-- .module_row -->\n\t\t\t\t<!-- module_row -->\n\t<div  data-lazy=\"1\" class=\"module_row themify_builder_row tb_wov6302 tf_w tf_clearfix\">\n\t    \t\t\t<div class=\"row_inner col_align_top tb_col_count_1 tf_box tf_rel\">\n\t\t            <div  data-lazy=\"1\" class=\"module_column tb-column col-full tb_nnyc302 first\">\n                                                <\/div><!-- .module_column -->\n            \t    <\/div><!-- .row_inner -->\n\t<\/div><!-- .module_row -->\n\t<\/div>\n<!--\/themify_builder_content-->","protected":false},"excerpt":{"rendered":"<p>\u00dcber das VR4ALL Projekt<\/p>\n","protected":false},"author":1,"featured_media":0,"parent":0,"menu_order":0,"comment_status":"closed","ping_status":"closed","template":"","meta":{"footnotes":""},"class_list":["post-746","page","type-page","status-publish","hentry","has-post-title","has-post-date","has-post-category","has-post-tag","has-post-comment","has-post-author",""],"builder_content":"<h1 style=\"text-align: center;\">\u00dcber das VR4ALL Projekt<\/h1>\n<img src=\"https:\/\/vr4all.eu\/wp-content\/uploads\/2023\/06\/Screenshot-2023-06-27-141201.png\" width=\"670\" height=\"456\" title=\"Screenshot 2023-06-27 141201\" alt=\"Screenshot 2023-06-27 141201\">\n<h1 style=\"border-bottom: 3px solid; width: 40%; margin-left: 0; border-color: #A5CDF4;\">F\u00dcR WEN IST ES GEDACHT?<\/h1>\n<h2>VR4ALL ist ein Werkzeug f\u00fcr alle im Bereich des Produktdesigns:<\/h2>\n<em style=\"color:#000000\"><svg aria-hidden=\"true\"><use href=\"#tf-fas-dot-circle\"><\/use><\/svg><\/em> Studenten <em style=\"color:#000000\"><svg aria-hidden=\"true\"><use href=\"#tf-fas-dot-circle\"><\/use><\/svg><\/em> Lehren \/ Professoren <em style=\"color:#000000\"><svg aria-hidden=\"true\"><use href=\"#tf-fas-dot-circle\"><\/use><\/svg><\/em> Professionals (Profis)\n<h1 style=\"text-align: left;\">Was sind unsere Ziele?<\/h1>\n<p><img decoding=\"async\" style=\"width: 65px; height: 65px;\" src=\"https:\/\/vr4all.eu\/wp-content\/uploads\/2023\/06\/Screenshot-2023-06-27-143128-1.png\" alt=\"\"><\/p> <h2>Die Einf\u00fchrung des Einsatzes von VR in den fr\u00fchen Phasen des inklusiven Produktdesigns.<\/h2>\n<h2><img loading=\"lazy\" decoding=\"async\" style=\"width: 73px; height: 73px;\" src=\"https:\/\/vr4all.eu\/wp-content\/uploads\/2023\/06\/Screenshot-2023-06-27-1431282.png\" alt=\"\" width=\"73\" height=\"73\"><\/h2> <h2>Die Steigerung der Empathie von Produktgestaltern und Studierenden\u00a0<\/h2>\n<p><img loading=\"lazy\" decoding=\"async\" style=\"width: 79px; height: 79px;\" src=\"https:\/\/vr4all.eu\/wp-content\/uploads\/2023\/06\/Screenshot-2023-06-27-1431283.png\" alt=\"\" width=\"79\" height=\"79\"><\/p> <h2>Hochschullehrern innovative Unterrichtsmethoden zur Verf\u00fcgung stellen.<\/h2>\n<p><img loading=\"lazy\" decoding=\"async\" style=\"width: 81px; height: 81px;\" src=\"https:\/\/vr4all.eu\/wp-content\/uploads\/2023\/06\/Screenshot-2023-06-27-143143-1.png\" alt=\"\" width=\"81\" height=\"81\"><\/p> <h2>Die Schaffung von produkten und R\u00e4umen f\u00f6rdern, die f\u00fcr Menschen mit Seh- und motorischen Beeintr\u00e4chtigungen freundlicher sind.<\/h2>\n<p><img loading=\"lazy\" decoding=\"async\" style=\"width: 73px; height: 73px;\" src=\"https:\/\/vr4all.eu\/wp-content\/uploads\/2023\/06\/Screenshot-2023-06-27-1431431.png\" alt=\"\" width=\"73\" height=\"73\"><\/p> <h2>Das Bewusstsein der allgemeinen \u00d6ffentlichkeit f\u00fcr die Bed\u00fcrfnisse dieser Bev\u00f6lkerungsgruppe erh\u00f6hen.<\/h2>\n<p>Projektnummer: 2022-1-PT01-KA220-HED-000090242<\/p> <p>Von der Europ\u00e4ischen Union finanziert. Die ge\u00e4u\u00dferten Ansichten und Meinungen entsprechen jedoch ausschlie\u00dflich denen des Autors bzw. der Autoren und spiegeln nicht zwingend die der Europ\u00e4ischen Union oder der Europ\u00e4ischen Exekutivagentur f\u00fcr Bildung und Kultur (EACEA) wider. Weder die Europ\u00e4ische Union noch die EACEA k\u00f6nnen daf\u00fcr verantwortlich gemacht werden.<\/p>\n<img src=\"https:\/\/vr4all.eu\/wp-content\/uploads\/2024\/01\/DE_Co-fundedbytheEU_RGB_NEG.png\" title=\"DE_Co-fundedbytheEU_RGB_NEG\" alt=\"DE_Co-fundedbytheEU_RGB_NEG\" srcset=\"https:\/\/vr4all.eu\/wp-content\/uploads\/2024\/01\/DE_Co-fundedbytheEU_RGB_NEG.png 4184w, https:\/\/vr4all.eu\/wp-content\/uploads\/2024\/01\/DE_Co-fundedbytheEU_RGB_NEG-300x66.png 300w, https:\/\/vr4all.eu\/wp-content\/uploads\/2024\/01\/DE_Co-fundedbytheEU_RGB_NEG-1024x225.png 1024w, https:\/\/vr4all.eu\/wp-content\/uploads\/2024\/01\/DE_Co-fundedbytheEU_RGB_NEG-768x169.png 768w, https:\/\/vr4all.eu\/wp-content\/uploads\/2024\/01\/DE_Co-fundedbytheEU_RGB_NEG-1536x337.png 1536w, https:\/\/vr4all.eu\/wp-content\/uploads\/2024\/01\/DE_Co-fundedbytheEU_RGB_NEG-2048x450.png 2048w\" sizes=\"(max-width: 4184px) 100vw, 4184px\" \/>","_links":{"self":[{"href":"https:\/\/vr4all.eu\/de\/wp-json\/wp\/v2\/pages\/746","targetHints":{"allow":["GET"]}}],"collection":[{"href":"https:\/\/vr4all.eu\/de\/wp-json\/wp\/v2\/pages"}],"about":[{"href":"https:\/\/vr4all.eu\/de\/wp-json\/wp\/v2\/types\/page"}],"author":[{"embeddable":true,"href":"https:\/\/vr4all.eu\/de\/wp-json\/wp\/v2\/users\/1"}],"replies":[{"embeddable":true,"href":"https:\/\/vr4all.eu\/de\/wp-json\/wp\/v2\/comments?post=746"}],"version-history":[{"count":17,"href":"https:\/\/vr4all.eu\/de\/wp-json\/wp\/v2\/pages\/746\/revisions"}],"predecessor-version":[{"id":992,"href":"https:\/\/vr4all.eu\/de\/wp-json\/wp\/v2\/pages\/746\/revisions\/992"}],"wp:attachment":[{"href":"https:\/\/vr4all.eu\/de\/wp-json\/wp\/v2\/media?parent=746"}],"curies":[{"name":"wp","href":"https:\/\/api.w.org\/{rel}","templated":true}]}}