{"id":751,"date":"2023-06-28T10:20:00","date_gmt":"2023-06-28T07:20:00","guid":{"rendered":"https:\/\/vr4all.eu\/tools\/"},"modified":"2025-11-14T13:22:05","modified_gmt":"2025-11-14T11:22:05","slug":"tools","status":"publish","type":"page","link":"https:\/\/vr4all.eu\/ro\/tools\/","title":{"rendered":"Tools"},"content":{"rendered":"<!--themify_builder_content-->\n<div id=\"themify_builder_content-751\" data-postid=\"751\" class=\"themify_builder_content themify_builder_content-751 themify_builder tf_clear\">\n    \t\t\t<!-- module_row -->\n\t<div  data-css_id=\"fx67594\" data-lazy=\"1\" class=\"module_row themify_builder_row fullwidth tb_fx67594 tb_first tf_w tf_clearfix\">\n\t    \t\t\t<div class=\"row_inner col_align_top tb_col_count_2 tf_box tf_rel\">\n\t\t            <div  data-lazy=\"1\" class=\"module_column tb-column col3-1 tb_9ipl594 first\">\n                                                        <div class=\"tb-column-inner tf_box tf_w\">\n                        <!-- module image -->\n<div  class=\"module module-image tb_zw3k141 circle  image-top tf_mw\" data-lazy=\"1\">\n        <div class=\"image-wrap tf_rel tf_mw\">\n\t\t    <img loading=\"lazy\" decoding=\"async\" width=\"2560\" height=\"1819\" src=\"https:\/\/vr4all.eu\/wp-content\/uploads\/2025\/10\/smiling-woman-with-vr-headset-having-fun-in-the-li-2025-03-09-08-58-39-utc-scaled.jpg\" class=\"wp-post-image wp-image-1162\" title=\"smiling-woman-with-vr-headset-having-fun-in-the-li-2025-03-09-08-58-39-utc\" alt=\"smiling-woman-with-vr-headset-having-fun-in-the-li-2025-03-09-08-58-39-utc\" srcset=\"https:\/\/vr4all.eu\/wp-content\/uploads\/2025\/10\/smiling-woman-with-vr-headset-having-fun-in-the-li-2025-03-09-08-58-39-utc-scaled.jpg 2560w, https:\/\/vr4all.eu\/wp-content\/uploads\/2025\/10\/smiling-woman-with-vr-headset-having-fun-in-the-li-2025-03-09-08-58-39-utc-300x213.jpg 300w, https:\/\/vr4all.eu\/wp-content\/uploads\/2025\/10\/smiling-woman-with-vr-headset-having-fun-in-the-li-2025-03-09-08-58-39-utc-1024x728.jpg 1024w, https:\/\/vr4all.eu\/wp-content\/uploads\/2025\/10\/smiling-woman-with-vr-headset-having-fun-in-the-li-2025-03-09-08-58-39-utc-768x546.jpg 768w, https:\/\/vr4all.eu\/wp-content\/uploads\/2025\/10\/smiling-woman-with-vr-headset-having-fun-in-the-li-2025-03-09-08-58-39-utc-1536x1092.jpg 1536w, https:\/\/vr4all.eu\/wp-content\/uploads\/2025\/10\/smiling-woman-with-vr-headset-having-fun-in-the-li-2025-03-09-08-58-39-utc-2048x1456.jpg 2048w\" sizes=\"auto, (max-width: 2560px) 100vw, 2560px\" \/>\t\n\t\t<\/div>\n\t<!-- \/image-wrap -->\n    \n    \t<\/div>\n<!-- \/module image -->                    <\/div><!-- .tb-column-inner -->\n                            <\/div><!-- .module_column -->\n                        <div  data-lazy=\"1\" class=\"module_column tb-column col3-2 tb_0fsg968 last\">\n                                                        <div class=\"tb-column-inner tf_box tf_w\">\n                        <!-- module text -->\n<div  class=\"module module-text tb_4a6c972  repeat \" data-lazy=\"1\">\n        <div  class=\"tb_text_wrap\">\n    <h1 style=\"text-align: center;\">Medii VR pentru simularea dizabilit\u0103\u021bilor<\/h1>\n<h2><font color=\"#000000\"><span style=\"font-size: 29.9px;\">5 medii de realitate virtual\u0103, care simuleaz\u0103 spa\u021bii de zi cu zi, pe care le pute\u021bi explora ca o persoan\u0103 cu diverse dizabilit\u0103\u021bi motorii \u0219i vizuale.<\/span><\/font><br><br><font color=\"#000000\"><span style=\"font-size: 29.9px;\">Scopul lor este de a cre\u0219te empatia designerilor de produse pentru persoanele cu dizabilit\u0103\u021bi.<\/span><\/font><\/h2>    <\/div>\n<\/div>\n<!-- \/module text --><!-- module buttons -->\n<div  class=\"module module-buttons tb_v5pj429 buttons-horizontal solid \" data-lazy=\"1\">\n    \t<div class=\"module-buttons-item tf_inline_b\">\n\t\t\t\t\t\t\t<a href=\"https:\/\/vr4all.eu\/ro\/the-vr4all-app\/\" class=\"ui builder_button green\" >\n\t\t\t\t\t\t\t\t\t\t\t<span class=\"tf_inline_b tf_vmiddle\">AFLA\u021aI MAI MULTE<\/span>\n\t\t\t\t\t\t\t\t\t\t\t<\/a>\n\t\t\t    \t<\/div>\n    <\/div>\n<!-- \/module buttons -->\n                    <\/div><!-- .tb-column-inner -->\n                            <\/div><!-- .module_column -->\n            \t    <\/div><!-- .row_inner -->\n\t<\/div><!-- .module_row -->\n\t\t\t\t<!-- module_row -->\n\t<div  data-css_id=\"s882474\" data-lazy=\"1\" class=\"module_row themify_builder_row fullwidth tb_s882474 tf_w tf_clearfix\">\n\t    \t\t\t<div class=\"row_inner col_align_top tb_col_count_2 tf_box tf_rel\">\n\t\t            <div  data-lazy=\"1\" class=\"module_column tb-column col3-1 tb_vwi9474 first\">\n                                                        <div class=\"tb-column-inner tf_box tf_w\">\n                        <!-- module image -->\n<div  class=\"module module-image tb_d31p651 circle  image-top tf_mw\" data-lazy=\"1\">\n        <div class=\"image-wrap tf_rel tf_mw\">\n\t\t    <img loading=\"lazy\" decoding=\"async\" width=\"1152\" height=\"768\" src=\"https:\/\/vr4all.eu\/wp-content\/uploads\/2025\/06\/vr1.jpg\" class=\"wp-post-image wp-image-1124\" title=\"Girl Describing VR Game\" alt=\"Girl Describing VR Game\" srcset=\"https:\/\/vr4all.eu\/wp-content\/uploads\/2025\/06\/vr1.jpg 1152w, https:\/\/vr4all.eu\/wp-content\/uploads\/2025\/06\/vr1-300x200.jpg 300w, https:\/\/vr4all.eu\/wp-content\/uploads\/2025\/06\/vr1-1024x683.jpg 1024w, https:\/\/vr4all.eu\/wp-content\/uploads\/2025\/06\/vr1-768x512.jpg 768w\" sizes=\"auto, (max-width: 1152px) 100vw, 1152px\" \/>\t\n\t\t<\/div>\n\t<!-- \/image-wrap -->\n    \n    \t<\/div>\n<!-- \/module image -->                    <\/div><!-- .tb-column-inner -->\n                            <\/div><!-- .module_column -->\n                        <div  data-lazy=\"1\" class=\"module_column tb-column col3-2 tb_xf8a474 last\">\n                                                        <div class=\"tb-column-inner tf_box tf_w\">\n                        <!-- module text -->\n<div  class=\"module module-text tb_onry475  repeat \" data-lazy=\"1\">\n        <div  class=\"tb_text_wrap\">\n    <h1>Ghidul formatorului<\/h1>\n<h2 style=\"text-align: left; padding-left: 40px;\"><span style=\"color: #000000;\"><span style=\"font-size: 29.9px;\">Un ghid destinat formatorilor \u00een domeniul designului de produse, care explic\u0103 cum se pot integra mediile VR ale proiectului \u00een cursurile lor.<\/span><\/span><\/h2>    <\/div>\n<\/div>\n<!-- \/module text --><!-- module buttons -->\n<div  class=\"module module-buttons tb_h4ub367 buttons-horizontal solid \" data-lazy=\"1\">\n    \t<div class=\"module-buttons-item tf_inline_b\">\n\t\t\t\t\t\t\t<a href=\"https:\/\/vr4all.eu\/wp-content\/uploads\/2025\/11\/Training-Guide-RO-1.pdf\" class=\"ui builder_button green\" target=\"_blank\" rel=\"noopener\">\n\t\t\t\t\t\t\t\t\t\t\t<span class=\"tf_inline_b tf_vmiddle\">DESC\u0102RCA\u021aI<\/span>\n\t\t\t\t\t\t\t\t\t\t\t<\/a>\n\t\t\t    \t<\/div>\n    <\/div>\n<!-- \/module buttons -->\n                    <\/div><!-- .tb-column-inner -->\n                            <\/div><!-- .module_column -->\n            \t    <\/div><!-- .row_inner -->\n\t<\/div><!-- .module_row -->\n\t\t\t\t<!-- module_row -->\n\t<div  data-lazy=\"1\" class=\"module_row themify_builder_row tb_wk3718 tf_w tf_clearfix\">\n\t    \t\t\t<div class=\"row_inner col_align_top tb_col_count_2 tf_box tf_rel\">\n\t\t            <div  data-lazy=\"1\" class=\"module_column tb-column col4-2 tb_wq0h18 first\">\n                                                        <div class=\"tb-column-inner tf_box tf_w\">\n                        <!-- module text -->\n<div  class=\"module module-text tb_uq8k18   \" data-lazy=\"1\">\n        <div  class=\"tb_text_wrap\">\n    <p><span style=\"font-size: 20.8px;\">Num\u0103r proiect: 2022-1-PT01-KA220-HED-000090242<\/span><\/p>\n<p><span style=\"font-size: 20.8px;\">Finan\u021bat de Uniunea European\u0103. Punctele de vedere \u0219i opiniile exprimate apar\u021bin, \u00eens\u0103, exclusiv autorului (autorilor) \u0219i nu reflect\u0103 neap\u0103rat punctele de vedere \u0219i opiniile Uniunii Europene sau ale Agen\u021biei Executive Europene pentru Educa\u021bie \u0219i Cultur\u0103 (EACEA). Nici Uniunea European\u0103 \u0219i nici EACEA nu pot fi considerate r\u0103spunz\u0103toare pentru acestea.<\/span><\/p>    <\/div>\n<\/div>\n<!-- \/module text -->                    <\/div><!-- .tb-column-inner -->\n                            <\/div><!-- .module_column -->\n                        <div  data-lazy=\"1\" class=\"module_column tb-column col4-2 tb_a8q218 last\">\n                                                        <div class=\"tb-column-inner tf_box tf_w\">\n                        <!-- module image -->\n<div  class=\"module module-image tb_oboa18   image-top tf_mw\" data-lazy=\"1\">\n        <div class=\"image-wrap tf_rel tf_mw\">\n\t\t    <img loading=\"lazy\" decoding=\"async\" width=\"4104\" height=\"919\" src=\"https:\/\/vr4all.eu\/wp-content\/uploads\/2024\/01\/RO_Co-fundedbytheEU_RGB_NEG.png\" class=\"wp-post-image wp-image-1028\" title=\"RO_Co-fundedbytheEU_RGB_NEG\" alt=\"RO_Co-fundedbytheEU_RGB_NEG\" srcset=\"https:\/\/vr4all.eu\/wp-content\/uploads\/2024\/01\/RO_Co-fundedbytheEU_RGB_NEG.png 4104w, https:\/\/vr4all.eu\/wp-content\/uploads\/2024\/01\/RO_Co-fundedbytheEU_RGB_NEG-300x67.png 300w, https:\/\/vr4all.eu\/wp-content\/uploads\/2024\/01\/RO_Co-fundedbytheEU_RGB_NEG-1024x229.png 1024w, https:\/\/vr4all.eu\/wp-content\/uploads\/2024\/01\/RO_Co-fundedbytheEU_RGB_NEG-768x172.png 768w, https:\/\/vr4all.eu\/wp-content\/uploads\/2024\/01\/RO_Co-fundedbytheEU_RGB_NEG-1536x344.png 1536w, https:\/\/vr4all.eu\/wp-content\/uploads\/2024\/01\/RO_Co-fundedbytheEU_RGB_NEG-2048x459.png 2048w\" sizes=\"auto, (max-width: 4104px) 100vw, 4104px\" \/>\t\n\t\t<\/div>\n\t<!-- \/image-wrap -->\n    \n    \t<\/div>\n<!-- \/module image -->                    <\/div><!-- .tb-column-inner -->\n                            <\/div><!-- .module_column -->\n            \t    <\/div><!-- .row_inner -->\n\t<\/div><!-- .module_row -->\n\t<\/div>\n<!--\/themify_builder_content-->\n\n\n<p><\/p>","protected":false},"excerpt":{"rendered":"","protected":false},"author":1,"featured_media":0,"parent":0,"menu_order":0,"comment_status":"closed","ping_status":"closed","template":"","meta":{"footnotes":""},"class_list":["post-751","page","type-page","status-publish","hentry","has-post-title","has-post-date","has-post-category","has-post-tag","has-post-comment","has-post-author",""],"builder_content":"<img src=\"https:\/\/vr4all.eu\/wp-content\/uploads\/2025\/10\/smiling-woman-with-vr-headset-having-fun-in-the-li-2025-03-09-08-58-39-utc-scaled.jpg\" title=\"smiling-woman-with-vr-headset-having-fun-in-the-li-2025-03-09-08-58-39-utc\" alt=\"smiling-woman-with-vr-headset-having-fun-in-the-li-2025-03-09-08-58-39-utc\" srcset=\"https:\/\/vr4all.eu\/wp-content\/uploads\/2025\/10\/smiling-woman-with-vr-headset-having-fun-in-the-li-2025-03-09-08-58-39-utc-scaled.jpg 2560w, https:\/\/vr4all.eu\/wp-content\/uploads\/2025\/10\/smiling-woman-with-vr-headset-having-fun-in-the-li-2025-03-09-08-58-39-utc-300x213.jpg 300w, https:\/\/vr4all.eu\/wp-content\/uploads\/2025\/10\/smiling-woman-with-vr-headset-having-fun-in-the-li-2025-03-09-08-58-39-utc-1024x728.jpg 1024w, https:\/\/vr4all.eu\/wp-content\/uploads\/2025\/10\/smiling-woman-with-vr-headset-having-fun-in-the-li-2025-03-09-08-58-39-utc-768x546.jpg 768w, https:\/\/vr4all.eu\/wp-content\/uploads\/2025\/10\/smiling-woman-with-vr-headset-having-fun-in-the-li-2025-03-09-08-58-39-utc-1536x1092.jpg 1536w, https:\/\/vr4all.eu\/wp-content\/uploads\/2025\/10\/smiling-woman-with-vr-headset-having-fun-in-the-li-2025-03-09-08-58-39-utc-2048x1456.jpg 2048w\" sizes=\"(max-width: 2560px) 100vw, 2560px\" \/>\n<h1 style=\"text-align: center;\">Medii VR pentru simularea dizabilit\u0103\u021bilor<\/h1> <h2><font color=\"#000000\">5 medii de realitate virtual\u0103, care simuleaz\u0103 spa\u021bii de zi cu zi, pe care le pute\u021bi explora ca o persoan\u0103 cu diverse dizabilit\u0103\u021bi motorii \u0219i vizuale.<\/font><br><br><font color=\"#000000\">Scopul lor este de a cre\u0219te empatia designerilor de produse pentru persoanele cu dizabilit\u0103\u021bi.<\/font><\/h2>\n<a href=\"https:\/\/vr4all.eu\/ro\/the-vr4all-app\/\" > AFLA\u021aI MAI MULTE <\/a>\n<img src=\"https:\/\/vr4all.eu\/wp-content\/uploads\/2025\/06\/vr1.jpg\" title=\"Girl Describing VR Game\" alt=\"Girl Describing VR Game\" srcset=\"https:\/\/vr4all.eu\/wp-content\/uploads\/2025\/06\/vr1.jpg 1152w, https:\/\/vr4all.eu\/wp-content\/uploads\/2025\/06\/vr1-300x200.jpg 300w, https:\/\/vr4all.eu\/wp-content\/uploads\/2025\/06\/vr1-1024x683.jpg 1024w, https:\/\/vr4all.eu\/wp-content\/uploads\/2025\/06\/vr1-768x512.jpg 768w\" sizes=\"(max-width: 1152px) 100vw, 1152px\" \/>\n<h1>Ghidul formatorului<\/h1> <h2 style=\"text-align: left; padding-left: 40px;\">Un ghid destinat formatorilor \u00een domeniul designului de produse, care explic\u0103 cum se pot integra mediile VR ale proiectului \u00een cursurile lor.<\/h2>\n<a href=\"https:\/\/vr4all.eu\/wp-content\/uploads\/2025\/11\/Training-Guide-RO-1.pdf\" target=\"_blank\" rel=\"noopener\"> DESC\u0102RCA\u021aI <\/a>\n<p>Num\u0103r proiect: 2022-1-PT01-KA220-HED-000090242<\/p> <p>Finan\u021bat de Uniunea European\u0103. Punctele de vedere \u0219i opiniile exprimate apar\u021bin, \u00eens\u0103, exclusiv autorului (autorilor) \u0219i nu reflect\u0103 neap\u0103rat punctele de vedere \u0219i opiniile Uniunii Europene sau ale Agen\u021biei Executive Europene pentru Educa\u021bie \u0219i Cultur\u0103 (EACEA). Nici Uniunea European\u0103 \u0219i nici EACEA nu pot fi considerate r\u0103spunz\u0103toare pentru acestea.<\/p>\n<img src=\"https:\/\/vr4all.eu\/wp-content\/uploads\/2024\/01\/RO_Co-fundedbytheEU_RGB_NEG.png\" title=\"RO_Co-fundedbytheEU_RGB_NEG\" alt=\"RO_Co-fundedbytheEU_RGB_NEG\" srcset=\"https:\/\/vr4all.eu\/wp-content\/uploads\/2024\/01\/RO_Co-fundedbytheEU_RGB_NEG.png 4104w, https:\/\/vr4all.eu\/wp-content\/uploads\/2024\/01\/RO_Co-fundedbytheEU_RGB_NEG-300x67.png 300w, https:\/\/vr4all.eu\/wp-content\/uploads\/2024\/01\/RO_Co-fundedbytheEU_RGB_NEG-1024x229.png 1024w, https:\/\/vr4all.eu\/wp-content\/uploads\/2024\/01\/RO_Co-fundedbytheEU_RGB_NEG-768x172.png 768w, https:\/\/vr4all.eu\/wp-content\/uploads\/2024\/01\/RO_Co-fundedbytheEU_RGB_NEG-1536x344.png 1536w, https:\/\/vr4all.eu\/wp-content\/uploads\/2024\/01\/RO_Co-fundedbytheEU_RGB_NEG-2048x459.png 2048w\" sizes=\"(max-width: 4104px) 100vw, 4104px\" \/>","_links":{"self":[{"href":"https:\/\/vr4all.eu\/ro\/wp-json\/wp\/v2\/pages\/751","targetHints":{"allow":["GET"]}}],"collection":[{"href":"https:\/\/vr4all.eu\/ro\/wp-json\/wp\/v2\/pages"}],"about":[{"href":"https:\/\/vr4all.eu\/ro\/wp-json\/wp\/v2\/types\/page"}],"author":[{"embeddable":true,"href":"https:\/\/vr4all.eu\/ro\/wp-json\/wp\/v2\/users\/1"}],"replies":[{"embeddable":true,"href":"https:\/\/vr4all.eu\/ro\/wp-json\/wp\/v2\/comments?post=751"}],"version-history":[{"count":20,"href":"https:\/\/vr4all.eu\/ro\/wp-json\/wp\/v2\/pages\/751\/revisions"}],"predecessor-version":[{"id":1372,"href":"https:\/\/vr4all.eu\/ro\/wp-json\/wp\/v2\/pages\/751\/revisions\/1372"}],"wp:attachment":[{"href":"https:\/\/vr4all.eu\/ro\/wp-json\/wp\/v2\/media?parent=751"}],"curies":[{"name":"wp","href":"https:\/\/api.w.org\/{rel}","templated":true}]}}